{"id":54,"date":"2025-08-05T13:04:45","date_gmt":"2025-08-05T11:04:45","guid":{"rendered":"https:\/\/www.atelierherz.ch\/cms\/?page_id=54"},"modified":"2025-08-07T14:58:19","modified_gmt":"2025-08-07T12:58:19","slug":"austellungen","status":"publish","type":"page","link":"https:\/\/www.atelierherz.ch\/cms\/austellungen\/","title":{"rendered":"Austellungen"},"content":{"rendered":"\t\t<div data-elementor-type=\"wp-page\" data-elementor-id=\"54\" class=\"elementor elementor-54\">\n\t\t\t\t<div class=\"elementor-element elementor-element-7b342b0 e-flex e-con-boxed e-con e-parent\" data-id=\"7b342b0\" data-element_type=\"container\" data-e-type=\"container\">\n\t\t\t\t\t<div class=\"e-con-inner\">\n\t\t\t\t<div class=\"elementor-element elementor-element-deffeb7 elementor-widget elementor-widget-spacer\" data-id=\"deffeb7\" data-element_type=\"widget\" data-e-type=\"widget\" data-widget_type=\"spacer.default\">\n\t\t\t\t\t\t\t<div class=\"elementor-spacer\">\n\t\t\t<div class=\"elementor-spacer-inner\"><\/div>\n\t\t<\/div>\n\t\t\t\t\t\t<\/div>\n\t\t\t\t<div class=\"elementor-element elementor-element-455f2cb elementor-widget elementor-widget-heading\" data-id=\"455f2cb\" data-element_type=\"widget\" data-e-type=\"widget\" data-widget_type=\"heading.default\">\n\t\t\t\t\t<h2 class=\"elementor-heading-title elementor-size-default\">Ausstellungen<\/h2>\t\t\t\t<\/div>\n\t\t<div class=\"elementor-element elementor-element-3558765 e-con-full e-flex e-con e-child\" data-id=\"3558765\" data-element_type=\"container\" data-e-type=\"container\">\n\t\t\t\t<div class=\"elementor-element elementor-element-0566d95 elementor-widget elementor-widget-shortcode\" data-id=\"0566d95\" data-element_type=\"widget\" data-e-type=\"widget\" data-widget_type=\"shortcode.default\">\n\t\t\t\t\t\t\t<div class=\"elementor-shortcode\">\n<table id=\"tablepress-2\" class=\"tablepress tablepress-id-2\">\n<thead>\n<tr class=\"row-1\">\n\t<th class=\"column-1\">Wann<\/th><th class=\"column-2\">Wo<\/th>\n<\/tr>\n<\/thead>\n<tbody class=\"row-striping row-hover\">\n<tr class=\"row-2\">\n\t<td class=\"column-1\"><\/td><td class=\"column-2\"><\/td>\n<\/tr>\n<tr class=\"row-3\">\n\t<td class=\"column-1\">2025 Juli<\/td><td class=\"column-2\">Cafe City W\u00e4denswil<\/td>\n<\/tr>\n<tr class=\"row-4\">\n\t<td class=\"column-1\">2024 Oktober  4 - 6<\/td><td class=\"column-2\">Kultur Garage W\u00e4denswil, Gruppen Ausstellung, K\u00fcnstlern - Janet Stalder\/ Martin und Anita Ganz\/ Elizabeth Frey<\/td>\n<\/tr>\n<tr class=\"row-5\">\n\t<td class=\"column-1\">2022 Dezember 2 - 4<\/td><td class=\"column-2\">Kultur Garage W\u00e4denswil<\/td>\n<\/tr>\n<tr class=\"row-6\">\n\t<td class=\"column-1\">2022 April<\/td><td class=\"column-2\">Cafe City  W\u00e4denswil<\/td>\n<\/tr>\n<tr class=\"row-7\">\n\t<td class=\"column-1\">2021 November - Dezember <\/td><td class=\"column-2\">Hotel Engel , W\u00e4denswil<\/td>\n<\/tr>\n<tr class=\"row-8\">\n\t<td class=\"column-1\">2019 August<\/td><td class=\"column-2\">Maggis Fashion  Richterswil ZH<\/td>\n<\/tr>\n<tr class=\"row-9\">\n\t<td class=\"column-1\">2019 August <\/td><td class=\"column-2\">Haus zum B\u00e4ren ( Ortsmuseum Richhterswil ) ZH  Gruppen Ausstellung<\/td>\n<\/tr>\n<tr class=\"row-10\">\n\t<td class=\"column-1\">2018 Juni  <\/td><td class=\"column-2\">Gruppen Ausstellung mit Walter Lehmann und Urs Traber. W\u00e4denswil ZH<\/td>\n<\/tr>\n<tr class=\"row-11\">\n\t<td class=\"column-1\">2017 April <\/td><td class=\"column-2\">City Cafe, W\u00e4denswil<\/td>\n<\/tr>\n<tr class=\"row-12\">\n\t<td class=\"column-1\">2016 August <\/td><td class=\"column-2\">Stifftung Sonnenhalden, Menzingen ZG<\/td>\n<\/tr>\n<tr class=\"row-13\">\n\t<td class=\"column-1\">2016 April <\/td><td class=\"column-2\">Galerie L33, Werdeberg, SG  Gruppen Ausstellung<\/td>\n<\/tr>\n<tr class=\"row-14\">\n\t<td class=\"column-1\">2015 M\u00e4rz - Juli<\/td><td class=\"column-2\">Hotel Engel, W\u00e4denswil<\/td>\n<\/tr>\n<tr class=\"row-15\">\n\t<td class=\"column-1\">2014 November - Dezember <\/td><td class=\"column-2\">Physio Kilian, in Wollerau Solo Ausstellung<\/td>\n<\/tr>\n<tr class=\"row-16\">\n\t<td class=\"column-1\">2013 August - September <\/td><td class=\"column-2\">Hotel Engel  W\u00e4denswil,  Solo Ausstellung<\/td>\n<\/tr>\n<tr class=\"row-17\">\n\t<td class=\"column-1\">2013 Juli - August<\/td><td class=\"column-2\">Galerie Kunsthalle St. Moritz,   Gruppen  Ausstellung<\/td>\n<\/tr>\n<tr class=\"row-18\">\n\t<td class=\"column-1\">2012 November - Dezember <\/td><td class=\"column-2\">Galerie Still Vivo M\u00e4nnedotf, ZH Solo Ausstellung<\/td>\n<\/tr>\n<tr class=\"row-19\">\n\t<td class=\"column-1\">2011 Oktober<\/td><td class=\"column-2\">Art International ZH ,  Gruppen Ausstellung<\/td>\n<\/tr>\n<tr class=\"row-20\">\n\t<td class=\"column-1\">2011 September <\/td><td class=\"column-2\">Art Savour Auktion in Aarau AG<\/td>\n<\/tr>\n<tr class=\"row-21\">\n\t<td class=\"column-1\">2011 April<\/td><td class=\"column-2\">Wandersalon  Art Savour bei Zulema Bischof in Grub. SG Gruppen Ausstellung<\/td>\n<\/tr>\n<tr class=\"row-22\">\n\t<td class=\"column-1\">2011 Februar <\/td><td class=\"column-2\">Wandersalon Art Savour Im Atelier Herz Samstgern ZH  Gruppen Ausstellung<\/td>\n<\/tr>\n<tr class=\"row-23\">\n\t<td class=\"column-1\">2010 Dezember <\/td><td class=\"column-2\">Wandersalon Art Savour bei K\u00fcnstlerin  Si (Silvia Jelitto ) ZH  Gruppen Ausstellung<\/td>\n<\/tr>\n<tr class=\"row-24\">\n\t<td class=\"column-1\">2010 November <\/td><td class=\"column-2\">Gruppen Ausstellung   Altes Heim  Roschach SG<\/td>\n<\/tr>\n<tr class=\"row-25\">\n\t<td class=\"column-1\">2010 Oktober <\/td><td class=\"column-2\">Cafe Seepark Altendorf SZ<\/td>\n<\/tr>\n<tr class=\"row-26\">\n\t<td class=\"column-1\">2010 Juni  <\/td><td class=\"column-2\">Art Savour Auktion  ZH  Gruppen Ausstellung<\/td>\n<\/tr>\n<tr class=\"row-27\">\n\t<td class=\"column-1\">2010 Mai - Juni <\/td><td class=\"column-2\">ArtBudget  HubRaum  Kehrsatz BE  Gruppen Ausstellung<\/td>\n<\/tr>\n<tr class=\"row-28\">\n\t<td class=\"column-1\">2010 Mai <\/td><td class=\"column-2\">Aktivarte \"March\u00e8 des Artistes\" M\u00e4nnedorf ZH   Gruppen Ausstellung<\/td>\n<\/tr>\n<tr class=\"row-29\">\n\t<td class=\"column-1\">2010 Januar<\/td><td class=\"column-2\">Galerie Nordstrasse Z\u00fcrich,.  Art Savour Gruppen Ausstellung ZH<\/td>\n<\/tr>\n<tr class=\"row-30\">\n\t<td class=\"column-1\">2009 Juli - September <\/td><td class=\"column-2\">Cafe Due, Rapperswil\/Jona<\/td>\n<\/tr>\n<tr class=\"row-31\">\n\t<td class=\"column-1\">2009 Februar<\/td><td class=\"column-2\">Kunst Forum International, Meistersschwanden   Gruppen Ausstellung<\/td>\n<\/tr>\n<tr class=\"row-32\">\n\t<td class=\"column-1\">2008 Oktober <\/td><td class=\"column-2\">Galerie Rosenhofraum W\u00e4denswil<\/td>\n<\/tr>\n<tr class=\"row-33\">\n\t<td class=\"column-1\">2008 M\u00e4rz<\/td><td class=\"column-2\">Golf and Country Club, Erlen TG   Gruppen Ausstellung<\/td>\n<\/tr>\n<tr class=\"row-34\">\n\t<td class=\"column-1\">2007 November <\/td><td class=\"column-2\">Kursteilnehmer Ausstellung im Atelier Herz, Samstagern<\/td>\n<\/tr>\n<tr class=\"row-35\">\n\t<td class=\"column-1\">2006 November <\/td><td class=\"column-2\">Drei K\u00fcnstlerinnen \u00f6ffnen ihre T\u00fcren - Open Ateliers, Samstagern Gruppen Ausstellung<\/td>\n<\/tr>\n<tr class=\"row-36\">\n\t<td class=\"column-1\">2006 M\u00e4rz<\/td><td class=\"column-2\">Atelier Herz  - Tag der offenen T\u00fcr, Samstagern<\/td>\n<\/tr>\n<tr class=\"row-37\">\n\t<td class=\"column-1\">2005 Juni - August <\/td><td class=\"column-2\">Atelier 29\", Richterswil   Schaufenster Ausstellung<\/td>\n<\/tr>\n<tr class=\"row-38\">\n\t<td class=\"column-1\">2003 Oktober <\/td><td class=\"column-2\">Cafe Jannette, Adliswil<\/td>\n<\/tr>\n<tr class=\"row-39\">\n\t<td class=\"column-1\">2003 M\u00e4rz<\/td><td class=\"column-2\">Haus zum B\u00e4ren, Richterswil     Orts Museum<\/td>\n<\/tr>\n<tr class=\"row-40\">\n\t<td class=\"column-1\">2005 April <\/td><td class=\"column-2\">Haus zum B\u00e4ren, Richterswil    Orts Museum<\/td>\n<\/tr>\n<tr class=\"row-41\">\n\t<td class=\"column-1\">Dauer Ausstellung<\/td><td class=\"column-2\">Motel M\u00fchle, Wollerau, SZ<\/td>\n<\/tr>\n<\/tbody>\n<\/table>\n<!-- #tablepress-2 from cache --><\/div>\n\t\t\t\t\t\t<\/div>\n\t\t\t\t<div class=\"elementor-element elementor-element-c35e318 elementor-widget elementor-widget-spacer\" data-id=\"c35e318\" data-element_type=\"widget\" data-e-type=\"widget\" data-widget_type=\"spacer.default\">\n\t\t\t\t\t\t\t<div class=\"elementor-spacer\">\n\t\t\t<div class=\"elementor-spacer-inner\"><\/div>\n\t\t<\/div>\n\t\t\t\t\t\t<\/div>\n\t\t\t\t<\/div>\n\t\t\t\t\t<\/div>\n\t\t\t\t<\/div>\n\t\t\t\t<\/div>\n\t\t","protected":false},"excerpt":{"rendered":"<p>Ausstellungen<\/p>\n","protected":false},"author":1,"featured_media":0,"parent":0,"menu_order":0,"comment_status":"closed","ping_status":"closed","template":"page-templates\/template-pagebuilder-full-width.php","meta":{"neve_meta_sidebar":"","neve_meta_container":"","neve_meta_enable_content_width":"","neve_meta_content_width":0,"neve_meta_title_alignment":"","neve_meta_author_avatar":"","neve_post_elements_order":"","neve_meta_disable_header":"","neve_meta_disable_footer":"","neve_meta_disable_title":"","iawp_total_views":50,"footnotes":""},"class_list":["post-54","page","type-page","status-publish","hentry"],"_links":{"self":[{"href":"https:\/\/www.atelierherz.ch\/cms\/wp-json\/wp\/v2\/pages\/54","targetHints":{"allow":["GET"]}}],"collection":[{"href":"https:\/\/www.atelierherz.ch\/cms\/wp-json\/wp\/v2\/pages"}],"about":[{"href":"https:\/\/www.atelierherz.ch\/cms\/wp-json\/wp\/v2\/types\/page"}],"author":[{"embeddable":true,"href":"https:\/\/www.atelierherz.ch\/cms\/wp-json\/wp\/v2\/users\/1"}],"replies":[{"embeddable":true,"href":"https:\/\/www.atelierherz.ch\/cms\/wp-json\/wp\/v2\/comments?post=54"}],"version-history":[{"count":23,"href":"https:\/\/www.atelierherz.ch\/cms\/wp-json\/wp\/v2\/pages\/54\/revisions"}],"predecessor-version":[{"id":684,"href":"https:\/\/www.atelierherz.ch\/cms\/wp-json\/wp\/v2\/pages\/54\/revisions\/684"}],"wp:attachment":[{"href":"https:\/\/www.atelierherz.ch\/cms\/wp-json\/wp\/v2\/media?parent=54"}],"curies":[{"name":"wp","href":"https:\/\/api.w.org\/{rel}","templated":true}]}}