{"id":42,"date":"2025-08-05T12:48:14","date_gmt":"2025-08-05T10:48:14","guid":{"rendered":"https:\/\/www.atelierherz.ch\/cms\/?page_id=42"},"modified":"2025-12-09T12:28:37","modified_gmt":"2025-12-09T11:28:37","slug":"ueber-mich","status":"publish","type":"page","link":"https:\/\/www.atelierherz.ch\/cms\/ueber-mich\/","title":{"rendered":"\u00dcber mich"},"content":{"rendered":"\t\t<div data-elementor-type=\"wp-page\" data-elementor-id=\"42\" class=\"elementor elementor-42\">\n\t\t\t\t<div class=\"elementor-element elementor-element-481e881 e-flex e-con-boxed e-con e-parent\" data-id=\"481e881\" data-element_type=\"container\" data-e-type=\"container\">\n\t\t\t\t\t<div class=\"e-con-inner\">\n\t\t<div class=\"elementor-element elementor-element-4c03476 e-con-full e-flex e-con e-child\" data-id=\"4c03476\" data-element_type=\"container\" data-e-type=\"container\">\n\t\t\t\t<div class=\"elementor-element elementor-element-7855b06 elementor-widget elementor-widget-spacer\" data-id=\"7855b06\" data-element_type=\"widget\" data-e-type=\"widget\" data-widget_type=\"spacer.default\">\n\t\t\t\t\t\t\t<div class=\"elementor-spacer\">\n\t\t\t<div class=\"elementor-spacer-inner\"><\/div>\n\t\t<\/div>\n\t\t\t\t\t\t<\/div>\n\t\t\t\t<div class=\"elementor-element elementor-element-4064176 elementor-widget elementor-widget-heading\" data-id=\"4064176\" data-element_type=\"widget\" data-e-type=\"widget\" data-widget_type=\"heading.default\">\n\t\t\t\t\t<h2 class=\"elementor-heading-title elementor-size-default\">\u00dcber Mich<\/h2>\t\t\t\t<\/div>\n\t\t\t\t<div class=\"elementor-element elementor-element-786b614 elementor-widget elementor-widget-text-editor\" data-id=\"786b614\" data-element_type=\"widget\" data-e-type=\"widget\" data-widget_type=\"text-editor.default\">\n\t\t\t\t\t\t\t\t\t<p><span style=\"color: #000000; font-family: Arial; font-size: large;\">Janet Stalder\u00a0 \/ Atelier Herz<br \/><\/span><span style=\"font-family: Arial;\"><span style=\"color: #000000; font-size: large;\">Rietliaustrasse 2.<\/span><\/span><br \/><span style=\"color: #000000; font-family: Arial; font-size: large;\">8804 Au \/ W\u00e4denswil<\/span><\/p>\t\t\t\t\t\t\t\t<\/div>\n\t\t\t\t<div class=\"elementor-element elementor-element-c405ebc elementor-widget elementor-widget-image\" data-id=\"c405ebc\" data-element_type=\"widget\" data-e-type=\"widget\" data-widget_type=\"image.default\">\n\t\t\t\t\t\t\t\t\t\t\t\t\t\t\t<img fetchpriority=\"high\" decoding=\"async\" width=\"946\" height=\"1024\" src=\"https:\/\/www.atelierherz.ch\/cms\/wp-content\/uploads\/2025\/08\/Photoroom_20250407_224006-946x1024.jpeg\" class=\"attachment-large size-large wp-image-44\" alt=\"\" srcset=\"https:\/\/www.atelierherz.ch\/cms\/wp-content\/uploads\/2025\/08\/Photoroom_20250407_224006-946x1024.jpeg 946w, https:\/\/www.atelierherz.ch\/cms\/wp-content\/uploads\/2025\/08\/Photoroom_20250407_224006-277x300.jpeg 277w, https:\/\/www.atelierherz.ch\/cms\/wp-content\/uploads\/2025\/08\/Photoroom_20250407_224006-768x832.jpeg 768w, https:\/\/www.atelierherz.ch\/cms\/wp-content\/uploads\/2025\/08\/Photoroom_20250407_224006.jpeg 1374w\" sizes=\"(max-width: 946px) 100vw, 946px\" \/>\t\t\t\t\t\t\t\t\t\t\t\t\t\t\t<\/div>\n\t\t\t\t<div class=\"elementor-element elementor-element-6795a82 elementor-widget elementor-widget-spacer\" data-id=\"6795a82\" data-element_type=\"widget\" data-e-type=\"widget\" data-widget_type=\"spacer.default\">\n\t\t\t\t\t\t\t<div class=\"elementor-spacer\">\n\t\t\t<div class=\"elementor-spacer-inner\"><\/div>\n\t\t<\/div>\n\t\t\t\t\t\t<\/div>\n\t\t\t\t<\/div>\n\t\t<div class=\"elementor-element elementor-element-de9a167 e-con-full e-flex e-con e-child\" data-id=\"de9a167\" data-element_type=\"container\" data-e-type=\"container\">\n\t\t\t\t<div class=\"elementor-element elementor-element-5710815 elementor-widget elementor-widget-spacer\" data-id=\"5710815\" data-element_type=\"widget\" data-e-type=\"widget\" data-widget_type=\"spacer.default\">\n\t\t\t\t\t\t\t<div class=\"elementor-spacer\">\n\t\t\t<div class=\"elementor-spacer-inner\"><\/div>\n\t\t<\/div>\n\t\t\t\t\t\t<\/div>\n\t\t\t\t<div class=\"elementor-element elementor-element-c68dfd5 elementor-widget elementor-widget-spacer\" data-id=\"c68dfd5\" data-element_type=\"widget\" data-e-type=\"widget\" data-widget_type=\"spacer.default\">\n\t\t\t\t\t\t\t<div class=\"elementor-spacer\">\n\t\t\t<div class=\"elementor-spacer-inner\"><\/div>\n\t\t<\/div>\n\t\t\t\t\t\t<\/div>\n\t\t\t\t<div class=\"elementor-element elementor-element-b473d36 elementor-widget elementor-widget-text-editor\" data-id=\"b473d36\" data-element_type=\"widget\" data-e-type=\"widget\" data-widget_type=\"text-editor.default\">\n\t\t\t\t\t\t\t\t\t<p><span lang=\"DE\"><span style=\"color: #000000; font-family: Arial; font-size: large;\">Janet Stalder ist 1952 in England geboren und wohnt seit 1980 in der Schweiz ZH.<br \/>Die Liebe zur Malerei entdeckte sie in S\u00fcdafrika, wo sie mehrere Jahre lebte.<br \/>\u201eMeine Gef\u00fchle und Freude mit dem Pinsel auszudr\u00fccken gibt mir den n\u00f6tigen Freiraum, das Abstellen vom Alltag\u201c, St\u00e4ndiges Experimentieren bringen ihr schlie\u00dflich die gew\u00fcnschten Resultate.<br \/>Janet Stalder erkennt man an ihre\u00a0 Fluid Art und Universum Bilder. Ihre Vielseitige Werke \u00dcberrascht Mann immer wieder. Ihre Material: Acryl, Bleistift, Kohle Mischtechniken, Pastellkreide und nicht zuletzt Spachteln, Sprayen, und Sand.<br \/><br \/>Ihr Motivations- Verse ist von Irena Rauthmann\u2026\u2026<br \/><span style=\"font-family: Arial; font-size: large;\">\u201eFolge deiner Freude, auch wenn andere dich kritisieren.<\/span> <span style=\"font-family: Arial; font-size: large;\">Deine Freude weist dir den Weg,\u00a0ist der Kompass deiner Seele,<\/span> <span style=\"font-family: Arial; font-size: large;\">die den Weg kennt\u2026!\u201c<\/span><br \/><\/span><\/span><\/p>\t\t\t\t\t\t\t\t<\/div>\n\t\t\t\t<\/div>\n\t\t\t\t\t<\/div>\n\t\t\t\t<\/div>\n\t\t\t\t<\/div>\n\t\t","protected":false},"excerpt":{"rendered":"<p>\u00dcber Mich Janet Stalder\u00a0 \/ Atelier HerzRietliaustrasse 2.8804 Au \/ W\u00e4denswil Janet Stalder ist 1952 in England geboren und wohnt seit 1980 in der Schweiz ZH.Die Liebe zur Malerei entdeckte sie in S\u00fcdafrika, wo sie mehrere Jahre lebte.\u201eMeine Gef\u00fchle und Freude mit dem Pinsel auszudr\u00fccken gibt mir den n\u00f6tigen Freiraum, das Abstellen vom Alltag\u201c, St\u00e4ndiges&hellip;&nbsp;<a href=\"https:\/\/www.atelierherz.ch\/cms\/ueber-mich\/\" rel=\"bookmark\"><span class=\"screen-reader-text\">\u00dcber mich<\/span><\/a><\/p>\n","protected":false},"author":1,"featured_media":0,"parent":0,"menu_order":0,"comment_status":"closed","ping_status":"closed","template":"page-templates\/template-pagebuilder-full-width.php","meta":{"neve_meta_sidebar":"","neve_meta_container":"","neve_meta_enable_content_width":"","neve_meta_content_width":0,"neve_meta_title_alignment":"","neve_meta_author_avatar":"","neve_post_elements_order":"","neve_meta_disable_header":"","neve_meta_disable_footer":"","neve_meta_disable_title":"","iawp_total_views":100,"footnotes":""},"class_list":["post-42","page","type-page","status-publish","hentry"],"_links":{"self":[{"href":"https:\/\/www.atelierherz.ch\/cms\/wp-json\/wp\/v2\/pages\/42","targetHints":{"allow":["GET"]}}],"collection":[{"href":"https:\/\/www.atelierherz.ch\/cms\/wp-json\/wp\/v2\/pages"}],"about":[{"href":"https:\/\/www.atelierherz.ch\/cms\/wp-json\/wp\/v2\/types\/page"}],"author":[{"embeddable":true,"href":"https:\/\/www.atelierherz.ch\/cms\/wp-json\/wp\/v2\/users\/1"}],"replies":[{"embeddable":true,"href":"https:\/\/www.atelierherz.ch\/cms\/wp-json\/wp\/v2\/comments?post=42"}],"version-history":[{"count":25,"href":"https:\/\/www.atelierherz.ch\/cms\/wp-json\/wp\/v2\/pages\/42\/revisions"}],"predecessor-version":[{"id":1075,"href":"https:\/\/www.atelierherz.ch\/cms\/wp-json\/wp\/v2\/pages\/42\/revisions\/1075"}],"wp:attachment":[{"href":"https:\/\/www.atelierherz.ch\/cms\/wp-json\/wp\/v2\/media?parent=42"}],"curies":[{"name":"wp","href":"https:\/\/api.w.org\/{rel}","templated":true}]}}