{"id":394,"date":"2025-08-07T11:14:24","date_gmt":"2025-08-07T09:14:24","guid":{"rendered":"https:\/\/www.atelierherz.ch\/cms\/?page_id=394"},"modified":"2025-08-07T11:20:53","modified_gmt":"2025-08-07T09:20:53","slug":"impressum","status":"publish","type":"page","link":"https:\/\/www.atelierherz.ch\/cms\/impressum\/","title":{"rendered":"Impressum"},"content":{"rendered":"\t\t<div data-elementor-type=\"wp-page\" data-elementor-id=\"394\" class=\"elementor elementor-394\">\n\t\t\t\t<div class=\"elementor-element elementor-element-e41479f e-flex e-con-boxed e-con e-parent\" data-id=\"e41479f\" data-element_type=\"container\" data-e-type=\"container\">\n\t\t\t\t\t<div class=\"e-con-inner\">\n\t\t\t\t<div class=\"elementor-element elementor-element-9512562 elementor-widget elementor-widget-spacer\" data-id=\"9512562\" data-element_type=\"widget\" data-e-type=\"widget\" data-widget_type=\"spacer.default\">\n\t\t\t\t\t\t\t<div class=\"elementor-spacer\">\n\t\t\t<div class=\"elementor-spacer-inner\"><\/div>\n\t\t<\/div>\n\t\t\t\t\t\t<\/div>\n\t\t\t\t<div class=\"elementor-element elementor-element-fc07bff elementor-widget elementor-widget-heading\" data-id=\"fc07bff\" data-element_type=\"widget\" data-e-type=\"widget\" data-widget_type=\"heading.default\">\n\t\t\t\t\t<h2 class=\"elementor-heading-title elementor-size-default\">Impressum<\/h2>\t\t\t\t<\/div>\n\t\t<div class=\"elementor-element elementor-element-ba86163 e-con-full e-flex e-con e-child\" data-id=\"ba86163\" data-element_type=\"container\" data-e-type=\"container\">\n\t\t<div class=\"elementor-element elementor-element-acc9955 e-con-full e-flex e-con e-child\" data-id=\"acc9955\" data-element_type=\"container\" data-e-type=\"container\">\n\t\t\t\t<div class=\"elementor-element elementor-element-213c1a7 elementor-widget elementor-widget-text-editor\" data-id=\"213c1a7\" data-element_type=\"widget\" data-e-type=\"widget\" data-widget_type=\"text-editor.default\">\n\t\t\t\t\t\t\t\t\t<p>Verantwortlich f\u00fcr diese Website<br \/><br \/>Atelier Herz<br \/>Janet Stalder<br \/>Zugerstrasse 64<br \/>8820 W\u00e4denswil<br \/>Tel: <a href=\"tel:0041786783321\">078 678 33 21<\/a><br \/>Mail: <a href=\"mailto:janetstalder@bluewin.ch\">janetstalder@bluewin.ch<\/a><\/p>\t\t\t\t\t\t\t\t<\/div>\n\t\t\t\t<\/div>\n\t\t<div class=\"elementor-element elementor-element-a651e57 e-con-full e-flex e-con e-child\" data-id=\"a651e57\" data-element_type=\"container\" data-e-type=\"container\">\n\t\t\t\t<div class=\"elementor-element elementor-element-17819be elementor-widget elementor-widget-text-editor\" data-id=\"17819be\" data-element_type=\"widget\" data-e-type=\"widget\" data-widget_type=\"text-editor.default\">\n\t\t\t\t\t\t\t\t\t<p>Hosting und Webdesign<\/p><p>abc4IT GmbH<br \/>Schmidgass 2<br \/>CH-8820 W\u00e4denswil<br \/>Tel. 044 680 26 56<br \/><a href=\"mailto:info@abc4it.com\" target=\"_blank\" rel=\"noreferrer noopener\">info@abc4it.com<\/a><br \/><a href=\"http:\/\/www.abc4it.com\/\">www.abc4it.com<\/a><\/p>\t\t\t\t\t\t\t\t<\/div>\n\t\t\t\t<\/div>\n\t\t\t\t<\/div>\n\t\t\t\t\t<\/div>\n\t\t\t\t<\/div>\n\t\t\t\t<\/div>\n\t\t","protected":false},"excerpt":{"rendered":"<p>Impressum Verantwortlich f\u00fcr diese Website Atelier HerzJanet StalderZugerstrasse 648820 W\u00e4denswilTel: 078 678 33 21Mail: janetstalder@bluewin.ch Hosting und Webdesign abc4IT GmbHSchmidgass 2CH-8820 W\u00e4denswilTel. 044 680 26 56info@abc4it.comwww.abc4it.com<\/p>\n","protected":false},"author":1,"featured_media":0,"parent":0,"menu_order":0,"comment_status":"closed","ping_status":"closed","template":"page-templates\/template-pagebuilder-full-width.php","meta":{"neve_meta_sidebar":"","neve_meta_container":"","neve_meta_enable_content_width":"","neve_meta_content_width":0,"neve_meta_title_alignment":"","neve_meta_author_avatar":"","neve_post_elements_order":"","neve_meta_disable_header":"","neve_meta_disable_footer":"","neve_meta_disable_title":"","iawp_total_views":14,"footnotes":""},"class_list":["post-394","page","type-page","status-publish","hentry"],"_links":{"self":[{"href":"https:\/\/www.atelierherz.ch\/cms\/wp-json\/wp\/v2\/pages\/394","targetHints":{"allow":["GET"]}}],"collection":[{"href":"https:\/\/www.atelierherz.ch\/cms\/wp-json\/wp\/v2\/pages"}],"about":[{"href":"https:\/\/www.atelierherz.ch\/cms\/wp-json\/wp\/v2\/types\/page"}],"author":[{"embeddable":true,"href":"https:\/\/www.atelierherz.ch\/cms\/wp-json\/wp\/v2\/users\/1"}],"replies":[{"embeddable":true,"href":"https:\/\/www.atelierherz.ch\/cms\/wp-json\/wp\/v2\/comments?post=394"}],"version-history":[{"count":7,"href":"https:\/\/www.atelierherz.ch\/cms\/wp-json\/wp\/v2\/pages\/394\/revisions"}],"predecessor-version":[{"id":401,"href":"https:\/\/www.atelierherz.ch\/cms\/wp-json\/wp\/v2\/pages\/394\/revisions\/401"}],"wp:attachment":[{"href":"https:\/\/www.atelierherz.ch\/cms\/wp-json\/wp\/v2\/media?parent=394"}],"curies":[{"name":"wp","href":"https:\/\/api.w.org\/{rel}","templated":true}]}}