{"id":386,"date":"2025-08-07T11:12:57","date_gmt":"2025-08-07T09:12:57","guid":{"rendered":"https:\/\/www.atelierherz.ch\/cms\/?page_id=386"},"modified":"2025-08-07T11:13:00","modified_gmt":"2025-08-07T09:13:00","slug":"datenschutzerklaerung","status":"publish","type":"page","link":"https:\/\/www.atelierherz.ch\/cms\/datenschutzerklaerung\/","title":{"rendered":"Datenschutzerkl\u00e4rung"},"content":{"rendered":"\n<p><strong>1. Verantwortliche Stelle<\/strong><br>Verantwortlich f\u00fcr die Datenbearbeitung im Sinne der Datenschutzgesetze ist:<br><em>Atelier\u202fHerz<\/em><br>Zugerstrasse 64<br>8820 W\u00e4denswil<br><a href=\"mailto:janetstalder@bluewin.ch\">janetstalder@bluewin.ch<\/a><\/p>\n\n\n\n<p><strong>2. Allgemeines<\/strong><br>Wir behandeln personenbezogene Daten vertraulich und entsprechend den gesetzlichen Vorschriften (schweizerisches DSG und ggf. DSGVO). Bei der Nutzung der Website ohne Registrierung werden nur anonymisierte Server-Logdaten (z.\u202fB. besuchte Seiten, Datum, Uhrzeit) gespeichert, die keiner Person zugeordnet werden.<\/p>\n\n\n\n<p><strong>3. Datenbearbeitung<\/strong><br>Personenbezogene Daten (z.\u202fB. Name, E-Mail-Adresse) werden nur mit Ihrer freiwilligen Einwilligung erhoben (z.\u202fB. bei Formularen) und nicht an Dritte weitergegeben.<\/p>\n\n\n\n<p><strong>4. Rechtsgrundlagen (DSGVO, sofern anwendbar)<\/strong><br>Wir verarbeiten Daten auf Basis:<\/p>\n\n\n\n<ul class=\"wp-block-list\">\n<li>Ihrer Einwilligung (Art.\u202f6\u202fAbs.\u202f1\u202flit.\u202fa\u202fDSGVO),<\/li>\n\n\n\n<li>zur Vertragserf\u00fcllung (lit.\u202fb),<\/li>\n\n\n\n<li>zur Erf\u00fcllung rechtlicher Pflichten (lit.\u202fc),<\/li>\n\n\n\n<li>oder zur Wahrung berechtigter Interessen (lit.\u202ff).<\/li>\n<\/ul>\n\n\n\n<p><strong>5. Speicherung<\/strong><br>Personenbezogene Daten werden nur solange gespeichert, wie dies f\u00fcr den Zweck oder gesetzlich erforderlich ist.<\/p>\n\n\n\n<p><strong>6. Eingebundene Drittservices<\/strong> (z.\u202fB. Newsletter, Videos, Social Media)<br>Falls Sie externe Dienste nutzen, informiere ich Sie \u00fcber Art und Umfang der Datenweitergabe und verweise auf deren Datenschutzerkl\u00e4rungen. (Beispiel: Newsletter-Anbieter in den USA \u2013 EU\u2011Privacy\u2011Shield oder vergleichbare Garantien.)<\/p>\n\n\n\n<p><strong>7. Kontaktformular &amp; Newsletter<\/strong><br>Formulardaten (inkl. IP-Adresse) werden zur Bearbeitung Ihrer Anfrage verarbeitet. Newsletter-Daten (z.\u202fB. E-Mail-Adresse) werden ausschlie\u00dflich zum Versand verwendet. Widerruf jederzeit m\u00f6glich.<\/p>\n\n\n\n<p><strong>8. Betroffenenrechte<\/strong><br>Sie haben jederzeit das Recht auf Auskunft, Berichtigung, L\u00f6schung, Einschr\u00e4nkung der Verarbeitung und Daten\u00fcbertragbarkeit. Widerspruch ist ebenfalls m\u00f6glich.<\/p>\n\n\n\n<p><strong>9. Herausgabe an Aufsichtsbeh\u00f6rden<\/strong><br>Im Fall von Datenschutzverletzungen k\u00f6nnen Sie eine Beschwerde bei der zust\u00e4ndigen Aufsichtsbeh\u00f6rde einreichen.<\/p>\n\n\n\n<p><strong>10. \u00c4nderungen<\/strong><br>Diese Datenschutzerkl\u00e4rung kann angepasst werden; die aktuelle Version finden Sie stets auf der Website. Stand 07.08.2025<\/p>\n","protected":false},"excerpt":{"rendered":"<p>1. Verantwortliche StelleVerantwortlich f\u00fcr die Datenbearbeitung im Sinne der Datenschutzgesetze ist:Atelier\u202fHerzZugerstrasse 648820 W\u00e4denswiljanetstalder@bluewin.ch 2. AllgemeinesWir behandeln personenbezogene Daten vertraulich und entsprechend den gesetzlichen Vorschriften (schweizerisches DSG und ggf. DSGVO). Bei der Nutzung der Website ohne Registrierung werden nur anonymisierte Server-Logdaten (z.\u202fB. besuchte Seiten, Datum, Uhrzeit) gespeichert, die keiner Person zugeordnet werden. 3. DatenbearbeitungPersonenbezogene Daten (z.\u202fB.&hellip;&nbsp;<a href=\"https:\/\/www.atelierherz.ch\/cms\/datenschutzerklaerung\/\" rel=\"bookmark\"><span class=\"screen-reader-text\">Datenschutzerkl\u00e4rung<\/span><\/a><\/p>\n","protected":false},"author":1,"featured_media":0,"parent":0,"menu_order":0,"comment_status":"closed","ping_status":"closed","template":"","meta":{"neve_meta_sidebar":"","neve_meta_container":"","neve_meta_enable_content_width":"","neve_meta_content_width":0,"neve_meta_title_alignment":"","neve_meta_author_avatar":"","neve_post_elements_order":"","neve_meta_disable_header":"","neve_meta_disable_footer":"","neve_meta_disable_title":"","iawp_total_views":13,"footnotes":""},"class_list":["post-386","page","type-page","status-publish","hentry"],"_links":{"self":[{"href":"https:\/\/www.atelierherz.ch\/cms\/wp-json\/wp\/v2\/pages\/386","targetHints":{"allow":["GET"]}}],"collection":[{"href":"https:\/\/www.atelierherz.ch\/cms\/wp-json\/wp\/v2\/pages"}],"about":[{"href":"https:\/\/www.atelierherz.ch\/cms\/wp-json\/wp\/v2\/types\/page"}],"author":[{"embeddable":true,"href":"https:\/\/www.atelierherz.ch\/cms\/wp-json\/wp\/v2\/users\/1"}],"replies":[{"embeddable":true,"href":"https:\/\/www.atelierherz.ch\/cms\/wp-json\/wp\/v2\/comments?post=386"}],"version-history":[{"count":1,"href":"https:\/\/www.atelierherz.ch\/cms\/wp-json\/wp\/v2\/pages\/386\/revisions"}],"predecessor-version":[{"id":393,"href":"https:\/\/www.atelierherz.ch\/cms\/wp-json\/wp\/v2\/pages\/386\/revisions\/393"}],"wp:attachment":[{"href":"https:\/\/www.atelierherz.ch\/cms\/wp-json\/wp\/v2\/media?parent=386"}],"curies":[{"name":"wp","href":"https:\/\/api.w.org\/{rel}","templated":true}]}}